{"id":18144,"date":"2024-10-13T12:58:16","date_gmt":"2024-10-13T10:58:16","guid":{"rendered":"https:\/\/handmadecustomclubs.com\/?post_type=product&#038;p=18144"},"modified":"2024-10-13T13:28:17","modified_gmt":"2024-10-13T11:28:17","slug":"2-hour-fitting-voucher-madrid","status":"publish","type":"product","link":"https:\/\/handmadecustomclubs.com\/en\/tienda\/bono-de-fitting-2-horas-madrid\/","title":{"rendered":"Fitting voucher \u2013 2 hours \u2013 Madrid"},"content":{"rendered":"<p>2-hour fitting voucher for Mallorca at Golf La Dehesa with Miki Rapado or Jose Baeza. If the fitting cannot be carried out, the amount can be used on products from the shop.<\/p>\n<p>With this voucher you can work on 2 segments of the bag to choose from: putter, wedges, irons, hybrids, woods and driver.<\/p>","protected":false},"excerpt":{"rendered":"<p>Bono de fitting de 2 horas para Mallorca en Golf La Dehesa con Miki Rapado o Jose Baeza. Si no se puede realizar el fitting, el importe podr\u00e1 ser aprovechado en productos de la tienda. Con este bono se podr\u00e1 trabajar en 2 segmentos de la bolsa a elegir entre: putter, wedges, hierros, h\u00edbridos, maderas [&hellip;]<\/p>\n","protected":false},"featured_media":14250,"comment_status":"open","ping_status":"closed","template":"","meta":{"_et_pb_use_builder":"","_et_pb_old_content":"","_et_gb_content_width":"","_joinchat":[]},"product_brand":[],"product_cat":[649],"product_tag":[],"class_list":{"0":"post-18144","1":"product","2":"type-product","3":"status-publish","4":"has-post-thumbnail","6":"product_cat-black-friday","7":"tm-no-options-pxq","9":"first","10":"instock","11":"virtual","12":"taxable","13":"purchasable","14":"product-type-simple"},"aioseo_notices":[],"_links":{"self":[{"href":"https:\/\/handmadecustomclubs.com\/en\/wp-json\/wp\/v2\/product\/18144","targetHints":{"allow":["GET"]}}],"collection":[{"href":"https:\/\/handmadecustomclubs.com\/en\/wp-json\/wp\/v2\/product"}],"about":[{"href":"https:\/\/handmadecustomclubs.com\/en\/wp-json\/wp\/v2\/types\/product"}],"replies":[{"embeddable":true,"href":"https:\/\/handmadecustomclubs.com\/en\/wp-json\/wp\/v2\/comments?post=18144"}],"wp:featuredmedia":[{"embeddable":true,"href":"https:\/\/handmadecustomclubs.com\/en\/wp-json\/wp\/v2\/media\/14250"}],"wp:attachment":[{"href":"https:\/\/handmadecustomclubs.com\/en\/wp-json\/wp\/v2\/media?parent=18144"}],"wp:term":[{"taxonomy":"product_brand","embeddable":true,"href":"https:\/\/handmadecustomclubs.com\/en\/wp-json\/wp\/v2\/product_brand?post=18144"},{"taxonomy":"product_cat","embeddable":true,"href":"https:\/\/handmadecustomclubs.com\/en\/wp-json\/wp\/v2\/product_cat?post=18144"},{"taxonomy":"product_tag","embeddable":true,"href":"https:\/\/handmadecustomclubs.com\/en\/wp-json\/wp\/v2\/product_tag?post=18144"}],"curies":[{"name":"wp","href":"https:\/\/api.w.org\/{rel}","templated":true}]}}