{"id":18142,"date":"2024-10-13T12:55:29","date_gmt":"2024-10-13T10:55:29","guid":{"rendered":"https:\/\/handmadecustomclubs.com\/?post_type=product&#038;p=18142"},"modified":"2024-10-13T13:27:56","modified_gmt":"2024-10-13T11:27:56","slug":"fitting-voucher-1-hour-madrid","status":"publish","type":"product","link":"https:\/\/handmadecustomclubs.com\/en\/tienda\/bono-de-fitting-1-hora-madrid\/","title":{"rendered":"Fitting Voucher \u2013 1 Hour \u2013 Madrid"},"content":{"rendered":"<p>1-hour fitting voucher for Madrid at Golf La Dehesa with Miki Rapado or Jose Baeza. If the fitting cannot be carried out, the amount can be used on products from the shop.<\/p>\n<p>With this voucher you can work on 1 segment of the bag, whether it be putter, wedges, irons, hybrids, woods or driver.<\/p>","protected":false},"excerpt":{"rendered":"<p>Bono de fitting de 1 hora para Madrid en Golf La Dehesa con Miki Rapado o Jose Baeza. Si no se puede realizar el fitting, el importe podr\u00e1 ser aprovechado en productos de la tienda. Con este bono se podr\u00e1 trabajar en 1 segmento de la bolsa, ya sea putter, wedges, hierros, h\u00edbridos, maderas o [&hellip;]<\/p>\n","protected":false},"featured_media":14250,"comment_status":"open","ping_status":"closed","template":"","meta":{"_et_pb_use_builder":"","_et_pb_old_content":"","_et_gb_content_width":"","_joinchat":[]},"product_brand":[],"product_cat":[649],"product_tag":[],"class_list":{"0":"post-18142","1":"product","2":"type-product","3":"status-publish","4":"has-post-thumbnail","6":"product_cat-black-friday","7":"tm-no-options-pxq","9":"first","10":"instock","11":"virtual","12":"taxable","13":"purchasable","14":"product-type-simple"},"aioseo_notices":[],"_links":{"self":[{"href":"https:\/\/handmadecustomclubs.com\/en\/wp-json\/wp\/v2\/product\/18142","targetHints":{"allow":["GET"]}}],"collection":[{"href":"https:\/\/handmadecustomclubs.com\/en\/wp-json\/wp\/v2\/product"}],"about":[{"href":"https:\/\/handmadecustomclubs.com\/en\/wp-json\/wp\/v2\/types\/product"}],"replies":[{"embeddable":true,"href":"https:\/\/handmadecustomclubs.com\/en\/wp-json\/wp\/v2\/comments?post=18142"}],"wp:featuredmedia":[{"embeddable":true,"href":"https:\/\/handmadecustomclubs.com\/en\/wp-json\/wp\/v2\/media\/14250"}],"wp:attachment":[{"href":"https:\/\/handmadecustomclubs.com\/en\/wp-json\/wp\/v2\/media?parent=18142"}],"wp:term":[{"taxonomy":"product_brand","embeddable":true,"href":"https:\/\/handmadecustomclubs.com\/en\/wp-json\/wp\/v2\/product_brand?post=18142"},{"taxonomy":"product_cat","embeddable":true,"href":"https:\/\/handmadecustomclubs.com\/en\/wp-json\/wp\/v2\/product_cat?post=18142"},{"taxonomy":"product_tag","embeddable":true,"href":"https:\/\/handmadecustomclubs.com\/en\/wp-json\/wp\/v2\/product_tag?post=18142"}],"curies":[{"name":"wp","href":"https:\/\/api.w.org\/{rel}","templated":true}]}}