{"id":17431,"date":"2024-08-25T20:25:29","date_gmt":"2024-08-25T20:25:29","guid":{"rendered":"https:\/\/handmadecustomclubs.com\/?post_type=product&#038;p=17431"},"modified":"2024-08-25T20:54:54","modified_gmt":"2024-08-25T20:54:54","slug":"aerotech-steelfiber-black-label-series-set-3-pw-3","status":"publish","type":"product","link":"https:\/\/handmadecustomclubs.com\/en\/tienda\/aerotech-steelfiber-reserve-private-series-set-5-pw\/","title":{"rendered":"AEROTECH STEELFIBER RESERVE PRIVATE SERIES (Set 5-Pw)"},"content":{"rendered":"<h3>AEROTECH STEELFIBER RESERVE PRIVATE BLACK LABEL iSERIES<\/h3>\n<p>The limited edition SteelFiber Black Label graphite iron shafts offer extreme precision with a bold new look. SteelFiber Black Label Shafts feature the world renowned and award winning SteelFiber design and are engineered to the most extreme weight tolerances in the industry for custom fit and performance.<\/p>\n<p>Not only does it complement many of the new extensions to the OEM black PVD premium club line, but these shafts are manufactured to tighter weight tolerances specifically for discerning clubmakers and golfers who appreciate extreme precision and precision. Fully assembled clubs of the highest quality. Additionally, like all SteelFiber shafts, the Black Label reduces the risk of injury, lessens the aggravation of existing injuries, and decreases player fatigue, while providing increased distance and accuracy.<\/p>\n<p>SteelFiber Black Label rods are available in four weights: Black Label i70 (R-flex), i80 (R), i95 (R and S) and i110 (S). The Steel Fiber Black Label is a special edition and supplies are limited.<\/p>","protected":false},"excerpt":{"rendered":"<p>AEROTECH STEELFIBER RESERVE PRIVATE BLACK LABEL iSERIES La edici\u00f3n limitada de varillas de hierro de grafito SteelFiber Black Label ofrece una precisi\u00f3n extrema con un nuevo y audaz aspecto. Las varillas SteelFiber Black Label presentan el mundialmente conocido y premiado dise\u00f1o SteelFiber y est\u00e1n dise\u00f1adas seg\u00fan las tolerancias de peso m\u00e1s extremas de la industria [&hellip;]<\/p>\n","protected":false},"featured_media":17417,"comment_status":"closed","ping_status":"closed","template":"","meta":{"_et_pb_use_builder":"","_et_pb_old_content":"","_et_gb_content_width":"","_joinchat":[]},"product_brand":[],"product_cat":[111,27],"product_tag":[115],"class_list":{"0":"post-17431","1":"product","2":"type-product","3":"status-publish","4":"has-post-thumbnail","6":"product_cat-iron-shafts-varillas","7":"product_cat-varillas","8":"product_tag-aerotech-golf-shafts","9":"pa_marca-va-composites","10":"tm-has-options","12":"first","13":"instock","14":"taxable","15":"shipping-taxable","16":"purchasable","17":"product-type-simple"},"aioseo_notices":[],"_links":{"self":[{"href":"https:\/\/handmadecustomclubs.com\/en\/wp-json\/wp\/v2\/product\/17431","targetHints":{"allow":["GET"]}}],"collection":[{"href":"https:\/\/handmadecustomclubs.com\/en\/wp-json\/wp\/v2\/product"}],"about":[{"href":"https:\/\/handmadecustomclubs.com\/en\/wp-json\/wp\/v2\/types\/product"}],"replies":[{"embeddable":true,"href":"https:\/\/handmadecustomclubs.com\/en\/wp-json\/wp\/v2\/comments?post=17431"}],"wp:featuredmedia":[{"embeddable":true,"href":"https:\/\/handmadecustomclubs.com\/en\/wp-json\/wp\/v2\/media\/17417"}],"wp:attachment":[{"href":"https:\/\/handmadecustomclubs.com\/en\/wp-json\/wp\/v2\/media?parent=17431"}],"wp:term":[{"taxonomy":"product_brand","embeddable":true,"href":"https:\/\/handmadecustomclubs.com\/en\/wp-json\/wp\/v2\/product_brand?post=17431"},{"taxonomy":"product_cat","embeddable":true,"href":"https:\/\/handmadecustomclubs.com\/en\/wp-json\/wp\/v2\/product_cat?post=17431"},{"taxonomy":"product_tag","embeddable":true,"href":"https:\/\/handmadecustomclubs.com\/en\/wp-json\/wp\/v2\/product_tag?post=17431"}],"curies":[{"name":"wp","href":"https:\/\/api.w.org\/{rel}","templated":true}]}}