{"id":17358,"date":"2024-08-09T17:43:20","date_gmt":"2024-08-09T17:43:20","guid":{"rendered":"https:\/\/handmadecustomclubs.com\/?post_type=product&#038;p=17358"},"modified":"2024-08-09T17:53:40","modified_gmt":"2024-08-09T17:53:40","slug":"fujikura-ventus-blue-tr-8","status":"publish","type":"product","link":"https:\/\/handmadecustomclubs.com\/en\/tienda\/fujikura-ventus-red-2024\/","title":{"rendered":"FUJIKURA VENTUS RED 2024"},"content":{"rendered":"<h2>FUJIKURA VENTUS RED 2024<\/h2>\n<div class=\"ld-fancy-heading mask-text ld_fancy_heading_5ede221fe8259\">\n<p>The 2024 VENTUS Red is designed for golfers looking for a mid-high launch and mid-spin profile. Ideal for players who desire a higher ball flight with maximum stability, the 2024 VENTUS Red incorporates Fujikura\u2019s cutting-edge VeloCore+ technology, offering a further evolution of performance and design. The premium bias core material construction promotes greater energy transfer, resulting in improved ball speeds and distance, while maintaining the accuracy and control golfers expect from a VENTUS product.<\/p>\n<p>Main features:<\/p>\n<p>\u2013 VeloCore+ Technology: Ensures maximum energy transfer and stability through impact<\/p>\n<p>\u2013 Medium-High Launch: Optimized for players looking for a higher trajectory<\/p>\n<p>\u2013 Improved Stability: Provides a lively feel with improved control and consistency<\/p>\n<p>Translation done with the free version of the DeepL.com translator<\/p>\n<\/div>","protected":false},"excerpt":{"rendered":"<p>FUJIKURA VENTUS RED 2024 La 2024 VENTUS Red est\u00e1 dise\u00f1ada para golfistas que buscan un lanzamiento medio-alto y un perfil de spin medio. Ideal para jugadores que desean un vuelo de bola m\u00e1s alto con la m\u00e1xima estabilidad, la 2024 VENTUS Red incorpora la vanguardista tecnolog\u00eda VeloCore+ de Fujikura, que ofrece una mayor evoluci\u00f3n del [&hellip;]<\/p>\n","protected":false},"featured_media":17343,"comment_status":"closed","ping_status":"closed","template":"","meta":{"_et_pb_use_builder":"","_et_pb_old_content":"","_et_gb_content_width":"","_joinchat":[]},"product_brand":[],"product_cat":[730,27],"product_tag":[735],"class_list":{"0":"post-17358","1":"product","2":"type-product","3":"status-publish","4":"has-post-thumbnail","6":"product_cat-fujikura-2","7":"product_cat-varillas","8":"product_tag-fujikura-golf","9":"tm-has-options","11":"first","12":"instock","13":"taxable","14":"shipping-taxable","15":"purchasable","16":"product-type-simple"},"aioseo_notices":[],"_links":{"self":[{"href":"https:\/\/handmadecustomclubs.com\/en\/wp-json\/wp\/v2\/product\/17358","targetHints":{"allow":["GET"]}}],"collection":[{"href":"https:\/\/handmadecustomclubs.com\/en\/wp-json\/wp\/v2\/product"}],"about":[{"href":"https:\/\/handmadecustomclubs.com\/en\/wp-json\/wp\/v2\/types\/product"}],"replies":[{"embeddable":true,"href":"https:\/\/handmadecustomclubs.com\/en\/wp-json\/wp\/v2\/comments?post=17358"}],"wp:featuredmedia":[{"embeddable":true,"href":"https:\/\/handmadecustomclubs.com\/en\/wp-json\/wp\/v2\/media\/17343"}],"wp:attachment":[{"href":"https:\/\/handmadecustomclubs.com\/en\/wp-json\/wp\/v2\/media?parent=17358"}],"wp:term":[{"taxonomy":"product_brand","embeddable":true,"href":"https:\/\/handmadecustomclubs.com\/en\/wp-json\/wp\/v2\/product_brand?post=17358"},{"taxonomy":"product_cat","embeddable":true,"href":"https:\/\/handmadecustomclubs.com\/en\/wp-json\/wp\/v2\/product_cat?post=17358"},{"taxonomy":"product_tag","embeddable":true,"href":"https:\/\/handmadecustomclubs.com\/en\/wp-json\/wp\/v2\/product_tag?post=17358"}],"curies":[{"name":"wp","href":"https:\/\/api.w.org\/{rel}","templated":true}]}}