{"id":17352,"date":"2024-08-09T17:32:11","date_gmt":"2024-08-09T17:32:11","guid":{"rendered":"https:\/\/handmadecustomclubs.com\/?post_type=product&#038;p=17352"},"modified":"2024-08-09T17:34:34","modified_gmt":"2024-08-09T17:34:34","slug":"fujikura-ventus-blue-tr-5","status":"publish","type":"product","link":"https:\/\/handmadecustomclubs.com\/en\/tienda\/fujikura-ventus-blue-3\/","title":{"rendered":"FUJIKURA VENTUS BLUE"},"content":{"rendered":"<h2>FUJIKURA VENTUS BLUE<\/h2>\n<div class=\"ld-fancy-heading mask-text ld_fancy_heading_5ede221fe8259\">\n<h4 class=\"lqd-lines split-unit lqd-unit-animation-done\"><span class=\"split-inner\" data-text=\" MAXIMIZE YOUR BALLSPEEDMOIDISTANCECONTROL\"><span class=\"split-txt\"><span class=\"\">MAXIMIZE YOUR\u00a0<\/span><span class=\"txt-rotate-keywords\"><span class=\"keyword\">BALL SPEED, <\/span><span class=\"keyword is-next will-change\">DISTANCE AND <\/span><span class=\"keyword\">CONTROL<\/span><\/span><\/span><\/span><\/h4>\n<\/div>\n<div class=\"ld-fancy-heading ld_fancy_heading_5ede221fe84fc lqd-unit-animation-done\">\n<h4 class=\"lqd-highlight-underline lqd-highlight-grow-left\"><span class=\"ld-fh-txt\"><span class=\"goog-text-highlight\">A multi-material bias core construction that provides maximum stability through transition and impact (maximizing clubhead MOI), increasing speed and crush factor.\u00a0<\/span><span class=\"\">The multi-material core is made from full-length ultra-high modulus Pitch 70 Ton carbon fiber, 150% stronger and more stable than T1100g, for maximum stability, and 40 tonne bias layers ensure incredible feel.<\/span><\/span><\/h4>\n<\/div>","protected":false},"excerpt":{"rendered":"<p>FUJIKURA VENTUS BLUE MAXIMIZA TU\u00a0VELOCIDAD DE BOLA, DISTANCIA Y CONTROL Una construcci\u00f3n de n\u00facleo de polarizaci\u00f3n multimaterial que brinda la m\u00e1xima estabilidad a trav\u00e9s de la transici\u00f3n y el impacto (maximizando el MOI de la cabeza del palo), aumentando la velocidad y el factor de aplastamiento.\u00a0El n\u00facleo multimaterial est\u00e1 fabricado con fibra de carbono Pitch [&hellip;]<\/p>\n","protected":false},"featured_media":17348,"comment_status":"closed","ping_status":"closed","template":"","meta":{"_et_pb_use_builder":"","_et_pb_old_content":"","_et_gb_content_width":"","_joinchat":[]},"product_brand":[],"product_cat":[730,27],"product_tag":[735],"class_list":{"0":"post-17352","1":"product","2":"type-product","3":"status-publish","4":"has-post-thumbnail","6":"product_cat-fujikura-2","7":"product_cat-varillas","8":"product_tag-fujikura-golf","9":"tm-has-options","11":"first","12":"instock","13":"sale","14":"taxable","15":"shipping-taxable","16":"purchasable","17":"product-type-simple"},"aioseo_notices":[],"_links":{"self":[{"href":"https:\/\/handmadecustomclubs.com\/en\/wp-json\/wp\/v2\/product\/17352","targetHints":{"allow":["GET"]}}],"collection":[{"href":"https:\/\/handmadecustomclubs.com\/en\/wp-json\/wp\/v2\/product"}],"about":[{"href":"https:\/\/handmadecustomclubs.com\/en\/wp-json\/wp\/v2\/types\/product"}],"replies":[{"embeddable":true,"href":"https:\/\/handmadecustomclubs.com\/en\/wp-json\/wp\/v2\/comments?post=17352"}],"wp:featuredmedia":[{"embeddable":true,"href":"https:\/\/handmadecustomclubs.com\/en\/wp-json\/wp\/v2\/media\/17348"}],"wp:attachment":[{"href":"https:\/\/handmadecustomclubs.com\/en\/wp-json\/wp\/v2\/media?parent=17352"}],"wp:term":[{"taxonomy":"product_brand","embeddable":true,"href":"https:\/\/handmadecustomclubs.com\/en\/wp-json\/wp\/v2\/product_brand?post=17352"},{"taxonomy":"product_cat","embeddable":true,"href":"https:\/\/handmadecustomclubs.com\/en\/wp-json\/wp\/v2\/product_cat?post=17352"},{"taxonomy":"product_tag","embeddable":true,"href":"https:\/\/handmadecustomclubs.com\/en\/wp-json\/wp\/v2\/product_tag?post=17352"}],"curies":[{"name":"wp","href":"https:\/\/api.w.org\/{rel}","templated":true}]}}