{"id":16323,"date":"2024-03-27T21:47:12","date_gmt":"2024-03-27T21:47:12","guid":{"rendered":"https:\/\/handmadecustomclubs.com\/?post_type=product&#038;p=16323"},"modified":"2024-08-21T20:59:51","modified_gmt":"2024-08-21T20:59:51","slug":"accra-fx-3-0-f300","status":"publish","type":"product","link":"https:\/\/handmadecustomclubs.com\/en\/tienda\/accra-gx-red-300\/","title":{"rendered":"ACCRA GX RED 300"},"content":{"rendered":"<h4><strong>ACCRA GX RED 300<br \/>\n<\/strong><\/h4>\n<h4>The 300 series is designed to promote lower launching conditions and low spin. This unique design that is incredibly easy to \u201cload\u201d to promote speed, features one of the most stable toe sections ACCRA has ever offered. Strong golfers will find that the 300 series offers the great feel that is synonymous with ACCRA, and produces a lower launch, lower spin flight pattern.<\/h4>\n<h4>The GX 300 series is available from 60 grams to 70 gram drivers and suits a wide variety of golfers looking for controlled flight, spin and dispersion. The GX 300 series is also available in a &quot;Tour&quot; flex for an incredible combination of launch and spin control and is easily recognizable due to its iridescent red paint that shines in the sunlight.<\/h4>\n<h4>Once fitted to a GX driver shaft, look for \u201cDyMatched\u201d options on both fairway woods and hybrids to ensure you receive the benefits of a perfectly matched set of woods\/hybrids that are optimized for weight, playing conditions launch and feel.<\/h4>\n<p>&nbsp;<\/p>\n<p>&nbsp;<\/p>\n<p>&nbsp;<\/p>\n<p>&nbsp;<\/p>","protected":false},"excerpt":{"rendered":"<p>ACCRA GX RED 300 La serie 300 est\u00e1 dise\u00f1ada para promover condiciones de lanzamiento m\u00e1s bajas y bajo spin. Este dise\u00f1o \u00fanico que es incre\u00edblemente f\u00e1cil de \u00abcargar\u00bb para promover la velocidad, cuenta con una de las secciones de punta m\u00e1s estables que ACCRA ha ofrecido nunca. Los golfistas fuertes encontrar\u00e1n que la serie 300 [&hellip;]<\/p>\n","protected":false},"featured_media":16332,"comment_status":"closed","ping_status":"closed","template":"","meta":{"_et_pb_use_builder":"","_et_pb_old_content":"","_et_gb_content_width":"","_joinchat":[]},"product_brand":[],"product_cat":[56,27],"product_tag":[55],"class_list":{"0":"post-16323","1":"product","2":"type-product","3":"status-publish","4":"has-post-thumbnail","6":"product_cat-accra-all-2","7":"product_cat-varillas","8":"product_tag-accra-shafts","9":"pa_marca-accra-shafts","10":"tm-has-options","12":"first","13":"instock","14":"taxable","15":"shipping-taxable","16":"purchasable","17":"product-type-simple"},"aioseo_notices":[],"_links":{"self":[{"href":"https:\/\/handmadecustomclubs.com\/en\/wp-json\/wp\/v2\/product\/16323","targetHints":{"allow":["GET"]}}],"collection":[{"href":"https:\/\/handmadecustomclubs.com\/en\/wp-json\/wp\/v2\/product"}],"about":[{"href":"https:\/\/handmadecustomclubs.com\/en\/wp-json\/wp\/v2\/types\/product"}],"replies":[{"embeddable":true,"href":"https:\/\/handmadecustomclubs.com\/en\/wp-json\/wp\/v2\/comments?post=16323"}],"wp:featuredmedia":[{"embeddable":true,"href":"https:\/\/handmadecustomclubs.com\/en\/wp-json\/wp\/v2\/media\/16332"}],"wp:attachment":[{"href":"https:\/\/handmadecustomclubs.com\/en\/wp-json\/wp\/v2\/media?parent=16323"}],"wp:term":[{"taxonomy":"product_brand","embeddable":true,"href":"https:\/\/handmadecustomclubs.com\/en\/wp-json\/wp\/v2\/product_brand?post=16323"},{"taxonomy":"product_cat","embeddable":true,"href":"https:\/\/handmadecustomclubs.com\/en\/wp-json\/wp\/v2\/product_cat?post=16323"},{"taxonomy":"product_tag","embeddable":true,"href":"https:\/\/handmadecustomclubs.com\/en\/wp-json\/wp\/v2\/product_tag?post=16323"}],"curies":[{"name":"wp","href":"https:\/\/api.w.org\/{rel}","templated":true}]}}