{"id":13490,"date":"2022-11-19T22:46:34","date_gmt":"2022-11-19T22:46:34","guid":{"rendered":"https:\/\/handmadecustomclubs.com\/?post_type=product&#038;p=13490"},"modified":"2024-06-27T09:56:23","modified_gmt":"2024-06-27T09:56:23","slug":"sgg-path-perfectors","status":"publish","type":"product","link":"https:\/\/handmadecustomclubs.com\/en\/tienda\/sgg-path-perfectors\/","title":{"rendered":"SGG PATH PERFECTORS"},"content":{"rendered":"<h4><span id=\"result_box\" class=\"\" lang=\"es\"><span class=\"\"><strong><em>SGG PATH PERFECTORS<\/em><\/strong><\/span><\/span><\/h4>\n<h5>As we all should know by now, one of the main keys to being a great putter is having an efficient and repeatable stroke. If you don&#039;t have a good putting path, you&#039;ll have a hard time squaring off the putter face at impact and starting the ball on your intended line. Path Perfectors are designed to help you develop a consistent and reliable trajectory while also centering contact on the clubface. This means a better stroke, better distance control, and in turn, more putts made. What makes our Path Perfectors different? I&#039;m glad you asked. Instead of the usual aluminum or steel that most putting gates are made of, ours are built with a custom silicone blend. Steel and aluminum not only damage your putter, they are also noisy and a bit irritating. No one else needs to know that your putting stroke is crap, and reminding yourself of that with the creaking of a few doors and the chipping paint on your putter is probably not the best way to get an invite to the next scramble tournament.<\/h5>\n<p>&nbsp;<\/p>","protected":false},"excerpt":{"rendered":"<p>SGG PATH PERFECTORS Como todos deber\u00edamos saber ya, una de las principales claves para ser un gran putter es tener un golpe eficiente y repetible. Si no tiene una buena trayectoria de golpe, le costar\u00e1 cuadrar la cara del putter en el impacto y comenzar la bola en la l\u00ednea deseada. Los Path Perfectors est\u00e1n [&hellip;]<\/p>\n","protected":false},"featured_media":13493,"comment_status":"closed","ping_status":"closed","template":"","meta":{"_et_pb_use_builder":"","_et_pb_old_content":"","_et_gb_content_width":"","_joinchat":[]},"product_brand":[],"product_cat":[556,773],"product_tag":[774],"class_list":{"0":"post-13490","1":"product","2":"type-product","3":"status-publish","4":"has-post-thumbnail","6":"product_cat-accesorios","7":"product_cat-short-game-gains","8":"product_tag-short-game-gains","9":"pa_marca-superstroke-grips","10":"tm-no-options-pxq","12":"first","13":"instock","14":"taxable","15":"shipping-taxable","16":"purchasable","17":"product-type-simple"},"aioseo_notices":[],"_links":{"self":[{"href":"https:\/\/handmadecustomclubs.com\/en\/wp-json\/wp\/v2\/product\/13490","targetHints":{"allow":["GET"]}}],"collection":[{"href":"https:\/\/handmadecustomclubs.com\/en\/wp-json\/wp\/v2\/product"}],"about":[{"href":"https:\/\/handmadecustomclubs.com\/en\/wp-json\/wp\/v2\/types\/product"}],"replies":[{"embeddable":true,"href":"https:\/\/handmadecustomclubs.com\/en\/wp-json\/wp\/v2\/comments?post=13490"}],"wp:featuredmedia":[{"embeddable":true,"href":"https:\/\/handmadecustomclubs.com\/en\/wp-json\/wp\/v2\/media\/13493"}],"wp:attachment":[{"href":"https:\/\/handmadecustomclubs.com\/en\/wp-json\/wp\/v2\/media?parent=13490"}],"wp:term":[{"taxonomy":"product_brand","embeddable":true,"href":"https:\/\/handmadecustomclubs.com\/en\/wp-json\/wp\/v2\/product_brand?post=13490"},{"taxonomy":"product_cat","embeddable":true,"href":"https:\/\/handmadecustomclubs.com\/en\/wp-json\/wp\/v2\/product_cat?post=13490"},{"taxonomy":"product_tag","embeddable":true,"href":"https:\/\/handmadecustomclubs.com\/en\/wp-json\/wp\/v2\/product_tag?post=13490"}],"curies":[{"name":"wp","href":"https:\/\/api.w.org\/{rel}","templated":true}]}}