{"id":13485,"date":"2022-11-19T22:28:23","date_gmt":"2022-11-19T22:28:23","guid":{"rendered":"https:\/\/handmadecustomclubs.com\/?post_type=product&#038;p=13485"},"modified":"2024-06-27T09:56:30","modified_gmt":"2024-06-27T09:56:30","slug":"sgg-putting-mirror","status":"publish","type":"product","link":"https:\/\/handmadecustomclubs.com\/en\/tienda\/sgg-putting-mirror\/","title":{"rendered":"SGG PUTTING MIRROR"},"content":{"rendered":"<h4><span id=\"result_box\" class=\"\" lang=\"es\"><span class=\"\"><strong><em>SGG PUTTING MIRROR<\/em><\/strong><\/span><\/span><\/h4>\n<h5>We have yet to find a good putter that sets up differently every time. Call us old-fashioned, but we believe that setup, stroke, and tee line should all be consistent. That&#039;s why we developed the Short Game Gains putting mirror. This detailed mirror helps you check your alignment, confirm your shot is on track, and help you start each putt on your intended line. Maintaining consistency is what the best golfers do, so why not bring that stability into your own putting routine? Our putting mirror also comes with a premium metal case to ensure your mirror stays in pristine condition between practice sessions. It is made of lightweight, protective metal and includes a custom foam liner to hold your mirror in place. Some features of the SGG putting mirror: -eye line alignment -shoulder alignment -swing path -ball distance -stance width -ball position -center contact -ball departure in the line.<\/h5>\n<p>&nbsp;<\/p>","protected":false},"excerpt":{"rendered":"<p>SGG PUTTING MIRROR Todav\u00eda no hemos encontrado un buen putter que se configure de forma diferente cada vez. Ll\u00e1menos anticuados, pero creemos que la configuraci\u00f3n, el golpe y la l\u00ednea de salida deben ser consistentes. Por eso hemos desarrollado el espejo de putt Short Game Gains. Este espejo detallado le ayuda a comprobar su alineaci\u00f3n, [&hellip;]<\/p>\n","protected":false},"featured_media":13486,"comment_status":"closed","ping_status":"closed","template":"","meta":{"_et_pb_use_builder":"","_et_pb_old_content":"","_et_gb_content_width":"","_joinchat":[]},"product_brand":[],"product_cat":[556,773],"product_tag":[774],"class_list":{"0":"post-13485","1":"product","2":"type-product","3":"status-publish","4":"has-post-thumbnail","6":"product_cat-accesorios","7":"product_cat-short-game-gains","8":"product_tag-short-game-gains","9":"pa_marca-superstroke-grips","10":"tm-no-options-pxq","12":"first","13":"instock","14":"taxable","15":"shipping-taxable","16":"purchasable","17":"product-type-simple"},"aioseo_notices":[],"_links":{"self":[{"href":"https:\/\/handmadecustomclubs.com\/en\/wp-json\/wp\/v2\/product\/13485","targetHints":{"allow":["GET"]}}],"collection":[{"href":"https:\/\/handmadecustomclubs.com\/en\/wp-json\/wp\/v2\/product"}],"about":[{"href":"https:\/\/handmadecustomclubs.com\/en\/wp-json\/wp\/v2\/types\/product"}],"replies":[{"embeddable":true,"href":"https:\/\/handmadecustomclubs.com\/en\/wp-json\/wp\/v2\/comments?post=13485"}],"wp:featuredmedia":[{"embeddable":true,"href":"https:\/\/handmadecustomclubs.com\/en\/wp-json\/wp\/v2\/media\/13486"}],"wp:attachment":[{"href":"https:\/\/handmadecustomclubs.com\/en\/wp-json\/wp\/v2\/media?parent=13485"}],"wp:term":[{"taxonomy":"product_brand","embeddable":true,"href":"https:\/\/handmadecustomclubs.com\/en\/wp-json\/wp\/v2\/product_brand?post=13485"},{"taxonomy":"product_cat","embeddable":true,"href":"https:\/\/handmadecustomclubs.com\/en\/wp-json\/wp\/v2\/product_cat?post=13485"},{"taxonomy":"product_tag","embeddable":true,"href":"https:\/\/handmadecustomclubs.com\/en\/wp-json\/wp\/v2\/product_tag?post=13485"}],"curies":[{"name":"wp","href":"https:\/\/api.w.org\/{rel}","templated":true}]}}