{"id":5982,"date":"2018-05-15T01:12:33","date_gmt":"2018-05-15T01:12:33","guid":{"rendered":"https:\/\/handmadecustomclubs.com\/politica-de-privacidad\/"},"modified":"2025-05-06T17:27:55","modified_gmt":"2025-05-06T15:27:55","slug":"privacy-policy","status":"publish","type":"page","link":"https:\/\/handmadecustomclubs.com\/en\/politica-de-privacidad\/","title":{"rendered":"Privacy Policy"},"content":{"rendered":"<p><strong>Website owner&#039;s details:<\/strong><\/p>\n\n\n\n<figure class=\"wp-block-table\"><table class=\"has-fixed-layout\"><tbody><tr><td><strong>COMPANY NAME<\/strong><\/td><td>HAND MADE CUSTOM CLUB SL<\/td><\/tr><tr><td><strong>NIF<\/strong><\/td><td>B55381800<\/td><\/tr><tr><td><strong>DOMAIN<\/strong><\/td><td><a href=\"https:\/\/handmadecustomclubs.com\/en\/\">www.handmadecustomclubs.com<\/a><\/td><\/tr><tr><td><strong>POSTAL ADDRESS<\/strong><\/td><td>TRAMUNTANA, 20 LOCAL 69, 07610 CAN PASTILLA (BALEARIC ISLANDS)<\/td><\/tr><tr><td><strong>EMAIL ADDRESS<\/strong><\/td><td><a href=\"mailto:miki@handmadecustomclubs.com\">miki@handmadecustomclubs.com<\/a><\/td><\/tr><tr><td><strong>TELEPHONES<\/strong><\/td><td>606613401<\/td><\/tr><tr><td><br><strong>REGISTRATION NUMBER\/ADDITIONAL DATA<\/strong><\/td><td>Volume: 107<br>Folio: 8<br>Sheet: PM 100176<br>Registration: 1st<\/td><\/tr><\/tbody><\/table><\/figure>\n\n\n\n<p><strong>Data protection<\/strong><\/p>\n\n\n\n<p>In accordance with current and applicable regulations on the protection of personal data, we inform you that your data will be incorporated into the processing system owned by HAND MADE CUSTOM CLUB SL, with Tax ID No. B55381800 and registered office at TRAMUNTANA, 20 LOCAL 69, 07610 CAN PASTILLA, Balearic Islands. Information on the processing carried out is provided below:<\/p>\n\n\n\n<figure class=\"wp-block-table\"><table class=\"has-fixed-layout\"><tbody><tr><td colspan=\"2\"><strong>TREATMENTS PERFORMED<\/strong><\/td><\/tr><tr><td><br>Online product purchase management<\/td><td><strong>Purpose: <\/strong>Data collection, registration, and processing to manage payment and shipping of products.<br><strong>Storage period: <\/strong>5 years in compliance with tax law and 10 years for tax documentation in compliance with Organic Law 7\/2012.<br><strong>Legitimate basis: <\/strong>Compliance with a law.<br><strong>Data Typology:<\/strong><br><strong>Basic data: <\/strong>Name and surname, Postal address, Email address, Signature, Financial or insurance information<br><strong>Assignments: <\/strong>Your data will be communicated, if necessary, to the Tax Agency, banks, savings banks, and competent public bodies and\/or administrations in order to comply with the tax and fiscal obligations established in the applicable regulations. Furthermore, we inform you that the legitimate basis for the transfer is compliance with a law.<\/td><\/tr><tr><td><br>Commercial actions web form<\/td><td><strong>Purpose: <\/strong>Collection, registration, and processing of data for the purposes of responding to your inquiries and\/or requests, as well as for advertising and commercial prospecting.<br><strong>Storage period: <\/strong>as long as the consent given is maintained, except under legal obligation.<br><strong>Legitimate basis: <\/strong>The consent of the interested party.<br><strong>Data Typology:<\/strong><br><strong>Basic data: <\/strong>Name and surname, Email address<\/td><\/tr><tr><td><br>Web user management<\/td><td><strong>Purpose: <\/strong>Collection, registration and processing of user data.<br><strong>Storage period: <\/strong>as long as the consent given is maintained, except under legal obligation.<br><strong>Legitimate basis: <\/strong>The consent of the interested party.<\/td><\/tr><\/tbody><\/table><\/figure>\n\n\n\n<figure class=\"wp-block-table\"><table class=\"has-fixed-layout\"><tbody><tr><td><\/td><td><strong>Data Typology:<\/strong><br><strong>Basic data: <\/strong>Name and surname, Email address<\/td><\/tr><tr><td><br>Newsletter<\/td><td><strong>Purpose: <\/strong>Managing newsletter subscriptions to send the corresponding newsletters.<br><strong>Storage period: <\/strong>as long as the consent given is maintained.<br><strong>Legitimate basis: <\/strong>The consent of the interested party.<br><strong>Data Typology:<\/strong><br><strong>Basic data: <\/strong>Name and surname, Email address<\/td><\/tr><tr><td><br>Installing cookies<\/td><td><strong>Purpose: <\/strong>Management and installation of cookies.<br><strong>Storage period: <\/strong>as long as the consent given is maintained.<br><strong>Legitimate basis: <\/strong>The consent of the interested party.<br><strong>Data Typology:<\/strong><br><strong>Basic data: <\/strong>Email address, IP address<\/td><\/tr><tr><td><br>Web Form Management<\/td><td><strong>Purpose: <\/strong>Respond to your queries and\/or requests.<br><strong>Storage period: <\/strong>as long as the consent given is maintained.<br><strong>Legitimate basis: <\/strong>The consent of the interested party.<br><strong>Data Typology:<\/strong><br><strong>Basic data: <\/strong>Name and surname, Email address, IP address<\/td><\/tr><tr><td><\/td><td><\/td><\/tr><\/tbody><\/table><\/figure>\n\n\n\n<p><strong>Rights of interested parties<\/strong><\/p>\n\n\n\n<p>HAND MADE CUSTOM CLUB SL informs Users that they may exercise their rights of access, rectification, restriction, erasure, portability, objection to the processing of their personal data, and the right not to be subject to automated decisions, including profiling, before the Data Controller, as well as the right to withdraw any consent given.<\/p>\n\n\n\n<p><strong>Right of Access: <\/strong>It is the user&#039;s right to obtain confirmation as to whether their data is being processed and, if so, the specific personal data processed and the legal information on the processing (purposes, legal basis, retention periods, transfers, origin of the data, etc.).<\/p>\n\n\n\n<p><strong>Right of Rectification: <\/strong>The data subject has the right to have data that is found to be inaccurate or incomplete modified. In relation to the website, this right may only be exercised in relation to information under the website&#039;s control, for example, removing comments posted on the website, images, or web content containing the user&#039;s personal data.<\/p>\n\n\n\n<p><strong>Right to Limitation of processing: <\/strong>It is the right to have the purposes of the processing originally intended by the data controller limited in certain cases.<\/p>\n\n\n\n<p><strong>Right to Erasure: <\/strong>It is the right to delete the user&#039;s personal data, except as provided in the GDPR itself (freedom of expression and information, retention obligations, formulation, exercise or defense of claims, etc.).<\/p>\n\n\n\n<p><strong>Right to Portability: <\/strong>The right to receive the personal data provided by the user in a structured, commonly used, and machine-readable format, and to transmit it to another controller when the processing is based on consent or the execution of a contract and is carried out by automated means.<\/p>\n\n\n\n<p><strong>Right of Objection: <\/strong>It is the user&#039;s right to not have their personal data processed or to have their data processed by the website cease when the processing is based on legitimate interest or public interest, or when it involves direct marketing.<\/p>\n\n\n\n<p><strong>Right not to be subject to automated decision-making, including profiling: <\/strong>Where processing is not necessary for the conclusion or performance of a contract, is not authorised by Union or Member State law, and is not based on consent, you have the right not to be subject to a decision based solely on automated processing, including profiling, which produces legal effects or similarly significantly affects you.<\/p>\n\n\n\n<p><strong>Right to withdraw consent: <\/strong>For any processing based on your consent, you have the right to withdraw it at any time and free of charge.<\/p>\n\n\n\n<p>To exercise any of the data protection rights described above, you must follow these instructions:<\/p>\n\n\n\n<p>Submission of a written document to the address TRAMUNTANA, 20 LOCAL 69, 07610 CAN PASTILLA (ILLES BALEARS) (to the attention of HAND MADE CUSTOM CLUB SL) or by email to <a href=\"mailto:miki@handmadecustomclubs.com\">miki@handmadecustomclubs.com<\/a> .<\/p>\n\n\n\n<p>The document sent by the owner of the personal data (interested party) requesting the exercise of rights must take into account the following:<\/p>\n\n\n\n<ul class=\"wp-block-list\">\n<li>You must provide reliable identification, and if there are any doubts about the applicant&#039;s identity, you will be asked to rectify the request (e.g., by requesting more information, such as the DNI number, the DNI document, the email address provided, etc.)<\/li>\n<\/ul>\n\n\n\n<ul class=\"wp-block-list\">\n<li>The request may be made by the representative, whether legal or voluntary, when duly identified and authorized by the data subject (through express authorization from the data subject to exercise the highly personal rights regulated by the regulations on personal data protection).<\/li>\n<\/ul>\n\n\n\n<ul class=\"wp-block-list\">\n<li>Request detailing the request (right(s) you intend to exercise). If no specific processing is mentioned, you will be provided with a response regarding all processing affecting your personal data. If you request information about a specific processing, only that information will be provided. If you request it by phone, you will be instructed to do so in writing and will be informed how to do so and the address to which it should be sent. You will never be given information over the phone.<\/li>\n<\/ul>\n\n\n\n<ul class=\"wp-block-list\">\n<li>Postal or electronic address for notification purposes.<\/li>\n<\/ul>\n\n\n\n<ul class=\"wp-block-list\">\n<li>Documents supporting the request you make, if necessary.<\/li>\n<\/ul>\n\n\n\n<ul class=\"wp-block-list\">\n<li>The applicant must use any means that allows proof of sending and receiving the application.<\/li>\n<\/ul>\n\n\n\n<p>Finally, we inform you that you have the right to file a complaint with the Spanish Data Protection Agency if you become aware of or believe that an incident may constitute a breach of applicable data protection regulations.<\/p>\n\n\n\n<p>HAND MADE CUSTOM CLUB SL undertakes to adopt the necessary technical and organizational measures, in accordance with the level of risks that accompany the treatments carried out by these and indicated to guarantee their integrity, confidentiality and availability.<\/p>","protected":false},"excerpt":{"rendered":"<p>Datos del propietario de la web: RAZ\u00d3N SOCIAL HAND MADE CUSTOM CLUB SL NIF B55381800 DOMINIO www.handmadecustomclubs.com DIRECCI\u00d3N POSTAL TRAMUNTANA, 20 LOCAL 69,07610 CAN PASTILLA(ILLES BALEARS) DIRECCI\u00d3N ELECTR\u00d3NICA miki@handmadecustomclubs.com TEL\u00c9FONOS 606613401 N\u00ba REGISTRO\/ DATOS ADICIONALES Tomo: 107Folio: 8Hoja: PM 100176Inscripci\u00f3n: 1\u00aa Protecci\u00f3n de datos De conformidad con la normativa vigente y aplicable en protecci\u00f3n de [&hellip;]<\/p>\n","protected":false},"author":2,"featured_media":0,"parent":0,"menu_order":0,"comment_status":"closed","ping_status":"closed","template":"","meta":{"_et_pb_use_builder":"","_et_pb_old_content":"","_et_gb_content_width":"","_joinchat":[],"footnotes":""},"class_list":["post-5982","page","type-page","status-publish","hentry"],"aioseo_notices":[],"_links":{"self":[{"href":"https:\/\/handmadecustomclubs.com\/en\/wp-json\/wp\/v2\/pages\/5982","targetHints":{"allow":["GET"]}}],"collection":[{"href":"https:\/\/handmadecustomclubs.com\/en\/wp-json\/wp\/v2\/pages"}],"about":[{"href":"https:\/\/handmadecustomclubs.com\/en\/wp-json\/wp\/v2\/types\/page"}],"author":[{"embeddable":true,"href":"https:\/\/handmadecustomclubs.com\/en\/wp-json\/wp\/v2\/users\/2"}],"replies":[{"embeddable":true,"href":"https:\/\/handmadecustomclubs.com\/en\/wp-json\/wp\/v2\/comments?post=5982"}],"version-history":[{"count":8,"href":"https:\/\/handmadecustomclubs.com\/en\/wp-json\/wp\/v2\/pages\/5982\/revisions"}],"predecessor-version":[{"id":19186,"href":"https:\/\/handmadecustomclubs.com\/en\/wp-json\/wp\/v2\/pages\/5982\/revisions\/19186"}],"wp:attachment":[{"href":"https:\/\/handmadecustomclubs.com\/en\/wp-json\/wp\/v2\/media?parent=5982"}],"curies":[{"name":"wp","href":"https:\/\/api.w.org\/{rel}","templated":true}]}}