{"id":5969,"date":"2017-08-30T21:54:37","date_gmt":"2017-08-30T21:54:37","guid":{"rendered":"https:\/\/handmadecustomclubs.com\/hcc\/"},"modified":"2023-03-23T10:46:21","modified_gmt":"2023-03-23T10:46:21","slug":"hcc-madrid-fitting-xperience-3-hours","status":"publish","type":"page","link":"https:\/\/handmadecustomclubs.com\/en\/hcc-madrid-fitting-xperience-3-horas\/","title":{"rendered":"HCC Madrid Fitting Xperience (3 Hours)"},"content":{"rendered":"<div data-elementor-type=\"wp-post\" data-elementor-id=\"5969\" class=\"elementor elementor-5969\" data-elementor-post-type=\"page\">\n\t\t\t\t\t\t<section data-particle_enable=\"false\" data-particle-mobile-disabled=\"false\" class=\"elementor-section elementor-top-section elementor-element elementor-element-1598ae4 elementor-section-boxed elementor-section-height-default elementor-section-height-default\" data-id=\"1598ae4\" data-element_type=\"section\" data-e-type=\"section\">\n\t\t\t\t\t\t<div class=\"elementor-container elementor-column-gap-default\">\n\t\t\t\t\t<div class=\"elementor-column elementor-col-100 elementor-top-column elementor-element elementor-element-0c85551\" data-id=\"0c85551\" data-element_type=\"column\" data-e-type=\"column\">\n\t\t\t<div class=\"elementor-widget-wrap elementor-element-populated\">\n\t\t\t\t\t\t<div class=\"elementor-element elementor-element-825cd75 elementor-widget elementor-widget-html\" data-id=\"825cd75\" data-element_type=\"widget\" data-e-type=\"widget\" data-widget_type=\"html.default\">\n\t\t\t\t<div class=\"elementor-widget-container\">\n\t\t\t\t\t<!-- Principio del widget integrado de Calendly -->\n<div class=\"calendly-inline-widget\" data-url=\"https:\/\/calendly.com\/hcc-clubmaker\/hcc-madrid-fitting-xperience-2023-3-horas?hide_gdpr_banner=1&text_color=3c3c3b&primary_color=b49d30\" style=\"min-width:320px;height:630px;\"><\/div>\n<script type=\"text\/javascript\" src=\"https:\/\/assets.calendly.com\/assets\/external\/widget.js\" async><\/script>\n<!-- Final del widget integrado de Calendly -->\t\t\t\t<\/div>\n\t\t\t\t<\/div>\n\t\t\t\t\t<\/div>\n\t\t<\/div>\n\t\t\t\t\t<\/div>\n\t\t<\/section>\n\t\t\t\t<\/div>","protected":false},"excerpt":{"rendered":"","protected":false},"author":1,"featured_media":0,"parent":0,"menu_order":0,"comment_status":"closed","ping_status":"closed","template":"elementor_header_footer","meta":{"_et_pb_use_builder":"on","_et_pb_old_content":"<p>Handmade Custom Clubs, empresa dedicada al sector del estudio del golf donde trabajan profesionales consolidados en la industria y con una preparaci\u00f3n y galardones internacionales.<\/p><p>Nuestro negocio comenz\u00f3 trabajando con marcas que no se suelen encontrar en el mercado comercial y con las cuales continuamos trabajando e incluso la familia de marcas ha crecido de forma continua y con inteligencia.<\/p><p>Actualmente nos dedicamos a la realizaci\u00f3n de estudios a jugadores de todos los handicaps, analizando su material, su swing y mirando que el conjunto de ambos est\u00e9n bien equilibrados. Para ello el nivel de conocimiento biomec\u00e1nica y de clubfitting y clubmaking ha de ser de la mayor calidad.<\/p><p>Con m\u00e1s de 16 a\u00f1os de experiencia en el mundo del clubmaking y clubfitting, podemos decir que disponemos de unos de los mejores clubmakers del mundo, de hecho en 2016 fue considerado por la ICG, asociaci\u00f3n de Clubmakers Internacional como el mejor Clubmaker Europeo del 2016.<\/p><p>Actualmente nuestro clubfitter y clubmaker es un miembro del Wilson Adversory Staff, trabajando estrechamente con Wilson Staff y con sus jugadores profesionales espa\u00f1oles.<\/p><p>Trabajamos conjuntamente con una profesor de golf que imparte clases en nuestras instalaciones, situadas en el paradis\u00edaco Golf Son Gual, mejor campo de las Islas Baleares.<\/p><p>Trabajamos con sistemas de an\u00e1lisis por v\u00eddeo y con sistema de lectura de los datos de palo y la presi\u00f3n de los pies a trav\u00e9s de Flightscope y Bodi Track.<\/p><p>Tenemos dos filosofias de trabajo muy claras:<\/p><p style=\"text-align: center;\"><strong>NOSOTROS HACEMOS LOS PALOS PARA DISFRUTAR LOS DIAS MALO DE JUEGO<\/strong><\/p><p style=\"text-align: center;\"><strong>\u00a0SI USTED TIENE UN SUE\u00d1O CON HCC SIEMPRE ES POSIBLE<\/strong><\/p>","_et_gb_content_width":"","_joinchat":[],"footnotes":""},"class_list":["post-5969","page","type-page","status-publish","hentry"],"aioseo_notices":[],"_links":{"self":[{"href":"https:\/\/handmadecustomclubs.com\/en\/wp-json\/wp\/v2\/pages\/5969","targetHints":{"allow":["GET"]}}],"collection":[{"href":"https:\/\/handmadecustomclubs.com\/en\/wp-json\/wp\/v2\/pages"}],"about":[{"href":"https:\/\/handmadecustomclubs.com\/en\/wp-json\/wp\/v2\/types\/page"}],"author":[{"embeddable":true,"href":"https:\/\/handmadecustomclubs.com\/en\/wp-json\/wp\/v2\/users\/1"}],"replies":[{"embeddable":true,"href":"https:\/\/handmadecustomclubs.com\/en\/wp-json\/wp\/v2\/comments?post=5969"}],"version-history":[{"count":13,"href":"https:\/\/handmadecustomclubs.com\/en\/wp-json\/wp\/v2\/pages\/5969\/revisions"}],"predecessor-version":[{"id":14616,"href":"https:\/\/handmadecustomclubs.com\/en\/wp-json\/wp\/v2\/pages\/5969\/revisions\/14616"}],"wp:attachment":[{"href":"https:\/\/handmadecustomclubs.com\/en\/wp-json\/wp\/v2\/media?parent=5969"}],"curies":[{"name":"wp","href":"https:\/\/api.w.org\/{rel}","templated":true}]}}