{"id":3791,"date":"2018-05-03T21:41:42","date_gmt":"2018-05-03T21:41:42","guid":{"rendered":"https:\/\/handmadecustomclubs.com\/?page_id=3791"},"modified":"2019-06-03T13:54:58","modified_gmt":"2019-06-03T13:54:58","slug":"cookie-policy-2","status":"publish","type":"page","link":"https:\/\/handmadecustomclubs.com\/en\/politica-de-cookies-2\/","title":{"rendered":"Cookies policy"},"content":{"rendered":"<p>HANDMADE CUSTOM CLUBS (en adelante, \u201cHCC\u201d) informa a trav\u00e9s de la presente Pol\u00edtica de Cookies acerca de la utilizaci\u00f3n de dispositivos de almacenamiento y recuperaci\u00f3n de datos en equipos terminales de los Usuarios.<\/p>\n<p><strong>1.- \u00bfQu\u00e9 son las cookies?<\/strong><\/p>\n<p>Las cookies son archivos o ficheros que se descargan en el ordenador\/smartphone\/tablet del Usuario al acceder a determinadas p\u00e1ginas web y aplicaciones que permiten almacenar preferencias de la navegaci\u00f3n del Usuario, haciendo que la interacci\u00f3n entre el Usuario y el Sitio Web sea m\u00e1s r\u00e1pida y f\u00e1cil.<\/p>\n<p>La informaci\u00f3n recogida por las cookies es an\u00f3nima y no contiene ninguna informaci\u00f3n sensible ya que no recogen datos que puedan identificar personalmente al Usuario. En cualquier caso, el Usuario podr\u00e1 acceder a la configuraci\u00f3n de su navegador para modificar y\/o bloquear la instalaci\u00f3n de las Cookies enviadas desde el Sitio Web, sin que ello impida al acceso a los contenidos.<\/p>\n<p><strong>2.- \u00bfPara qu\u00e9 utiliza HCC las cookies?<\/strong><\/p>\n<p>El presente Sitio Web utiliza cookies u otros dispositivos de almacenamiento y recuperaci\u00f3n de informaci\u00f3n para realizar un seguimiento de las interacciones de los Usuarios con los servicios ofrecidos en el Sitio Web.<\/p>\n<p>Las cookies permiten reconocer el navegador de un Usuario, as\u00ed como el tipo de dispositivo desde el que se accede al Sitio Web, y se utilizan para facilitar la pr\u00f3xima visita del Usuario y hacer que el Sitio Web resulte m\u00e1s \u00fatil.<\/p>\n<p>Por ejemplo, HCC utiliza las cookies para asegurar que el Sitio Web funcione correctamente y conocer su experiencia de navegaci\u00f3n, entre otras.<\/p>\n<p>En definitiva, el uso de las cookies permite a HCC optimizar la navegaci\u00f3n del Usuario, adaptando la informaci\u00f3n y los servicios ofrecidos a sus intereses y preferencias.<\/p>\n<p><strong>3.- Tipos de cookies utilizadas en el Sitio Web<\/strong><\/p>\n<p>El Sitio Web utiliza los siguientes tipos de cookies:<\/p>\n<p>\u00b7 Cookies Propias: Estas cookies permiten que el Sitio Web funcione correctamente por lo que son esenciales para que el Usuario pueda usar todas las opciones del Sitio Web y pueda navegar y utilizar las funciones de la misma con normalidad.<\/p>\n<p>\u00b7 Cookies de Terceros: Son aqu\u00e9llas que se env\u00edan al equipo terminal del Usuario desde un equipo o dominio que no es gestionado por HCC sino por otra entidad que trata los datos obtenidos trav\u00e9s de las cookies.<\/p>\n<p>HCC utiliza las siguientes cookies de Terceros:<\/p>\n<p>\u00b7 Cookies anal\u00edticas: Estas cookies recopilan informaci\u00f3n an\u00f3nima de manera est\u00e1ndar sobre la navegaci\u00f3n del Usuario y sus patrones de comportamiento.<\/p>\n<p>Permiten realizar el seguimiento y an\u00e1lisis del comportamiento de los Usuarios en el Sitio Web. La informaci\u00f3n recogida mediante las cookies anal\u00edticas es utilizada para la elaboraci\u00f3n de perfiles de navegaci\u00f3n de los Usuarios de dicho Sitio Web, con el fin de introducir mejoras en nuestro servicio.<\/p>\n<p>Los objetivos principales que se persiguen con este tipo de cookies son:<\/p>\n<p>\u2022 Permitir la identificaci\u00f3n an\u00f3nima de los Usuarios navegantes y por lo tanto la contabilizaci\u00f3n aproximada del n\u00famero de visitantes.<br \/>\n\u2022 Identificar de forma an\u00f3nima los contenidos m\u00e1s visitados<br \/>\n\u2022 Saber si el Usuario que est\u00e1 accediendo es nuevo o repite visita.<\/p>\n<p>A continuaci\u00f3n, se detallan las cookies anal\u00edticas que se utilizan en el Sitio Web:<\/p>\n<p>\u00b7 Cookies publicitarias: Son aqu\u00e9llas que permiten la gesti\u00f3n, de la forma m\u00e1s eficaz posible, de los espacios publicitarios que, en su caso, el editor haya incluido en una p\u00e1gina web, aplicaci\u00f3n o plataforma desde la que presta el servicio solicitado en base a criterios como el contenido editado o la frecuencia en la que se muestran los anuncios. Permiten ofrecer publicidad af\u00edn a los intereses del Usuario.<\/p>\n<p><strong>4.- \u00bfC\u00f3mo deshabilitar las cookies?<\/strong><\/p>\n<p>Todos los navegadores permiten hacer cambios para desactivar la configuraci\u00f3n de las cookies. Este es el motivo por el que la mayor\u00eda de navegadores ofrecen la posibilidad de administrar las cookies, para obtener un control m\u00e1s preciso sobre la privacidad.<\/p>\n<p>Estos ajustes se encuentran ubicados en las \u00abopciones\u00bb o \u00abpreferencias\u00bb del men\u00fa de su navegador.<\/p>\n<p>A continuaci\u00f3n, podr\u00e1 encontrar los links de cada navegador para deshabilitar las cookies siguiendo las instrucciones:<\/p>\n<p>&#8211; Internet Explorer (https:\/\/goo.gl\/iU2wh2 )<br \/>\n&#8211; Mozilla Firefox (https:\/\/goo.gl\/QXWYmv)<br \/>\n&#8211; Google Chrome (https:\/\/goo.gl\/fQnkSB)<br \/>\n&#8211; Safari (https:\/\/goo.gl\/PcjEm3; https:\/\/goo.gl\/dQywEo)<\/p>\n<p><strong>5.- Cookies en los dispositivos m\u00f3viles<\/strong><\/p>\n<p>El titular del Sitio Web tambi\u00e9n usa cookies u otros dispositivos de almacenamiento en dispositivos m\u00f3viles.<\/p>\n<p>Al igual que sucede en los navegadores de ordenadores, lo navegadores de los dispositivos m\u00f3viles permiten realizar cambios en las opciones o ajustes de privacidad para desactivar o eliminar las cookies.<\/p>\n<p>Si desea modificar las opciones de privacidad siga las instrucciones especificadas por el desarrollador de su navegador para dispositivo m\u00f3vil.<\/p>\n<p>A continuaci\u00f3n, podr\u00e1 encontrar algunos ejemplos de los links que le guiar\u00e1n para modificar las opciones de privacidad en su dispositivo m\u00f3vil:<\/p>\n<p>&#8211; IOS: (https:\/\/goo.gl\/61xevS)<br \/>\n&#8211; Windows Phone: (https:\/\/goo.gl\/tKyb0y)<br \/>\n&#8211; Chrome Mobile: (https:\/\/goo.gl\/XJp7N)<br \/>\n&#8211; Opera Mobile: (https:\/\/goo.gl\/Nzr8s7)<\/p>\n<div id=\"ajustesCookies\">\n<strong>6.- Aceptaci\u00f3n de cookies<\/strong><\/p>\n<p>Le informamos que en el caso de bloquear o no aceptar la instalaci\u00f3n de cookies, es posible que ciertos servicios no est\u00e9n disponibles sin la utilizaci\u00f3n de \u00e9stas o que no pueda acceder a determinados servicios ni tampoco aprovechar por completo todo lo que este Sitio Web le ofrece.<\/p>\n<p>[wpca_cc_settings_box]<\/p>\n<p style=\"font-style: normal; font-variant-ligatures: normal; font-variant-caps: normal; font-weight: 400; font-size: 16px;\"><strong style=\"font-size: 16px;\"><br \/>\n<\/strong><\/p>\n<\/div>\n<p><strong style=\"font-size: 16px;\"><br \/>\n<\/strong><strong style=\"font-size: 16px;\">7.- Derecho al olvido.<\/strong><\/p>\n<p>Puede mandarnos un email desde la direcci\u00f3n de correo electr\u00f3nico que desea que nuestro sitio olvide y borraremos sus datos.<\/p>\n","protected":false},"excerpt":{"rendered":"<p>HANDMADE CUSTOM CLUBS (en adelante, \u201cHCC\u201d) informa a trav\u00e9s de la presente Pol\u00edtica de Cookies acerca de la utilizaci\u00f3n de dispositivos de almacenamiento y recuperaci\u00f3n de datos en equipos terminales de los Usuarios. 1.- \u00bfQu\u00e9 son las cookies? Las cookies son archivos o ficheros que se descargan en el ordenador\/smartphone\/tablet del Usuario al acceder a [&hellip;]<\/p>\n","protected":false},"author":1,"featured_media":0,"parent":0,"menu_order":0,"comment_status":"closed","ping_status":"closed","template":"","meta":{"_et_pb_use_builder":"","_et_pb_old_content":"","_et_gb_content_width":"","_joinchat":[],"footnotes":""},"class_list":["post-3791","page","type-page","status-publish","hentry"],"aioseo_notices":[],"_links":{"self":[{"href":"https:\/\/handmadecustomclubs.com\/en\/wp-json\/wp\/v2\/pages\/3791","targetHints":{"allow":["GET"]}}],"collection":[{"href":"https:\/\/handmadecustomclubs.com\/en\/wp-json\/wp\/v2\/pages"}],"about":[{"href":"https:\/\/handmadecustomclubs.com\/en\/wp-json\/wp\/v2\/types\/page"}],"author":[{"embeddable":true,"href":"https:\/\/handmadecustomclubs.com\/en\/wp-json\/wp\/v2\/users\/1"}],"replies":[{"embeddable":true,"href":"https:\/\/handmadecustomclubs.com\/en\/wp-json\/wp\/v2\/comments?post=3791"}],"version-history":[{"count":10,"href":"https:\/\/handmadecustomclubs.com\/en\/wp-json\/wp\/v2\/pages\/3791\/revisions"}],"predecessor-version":[{"id":8030,"href":"https:\/\/handmadecustomclubs.com\/en\/wp-json\/wp\/v2\/pages\/3791\/revisions\/8030"}],"wp:attachment":[{"href":"https:\/\/handmadecustomclubs.com\/en\/wp-json\/wp\/v2\/media?parent=3791"}],"curies":[{"name":"wp","href":"https:\/\/api.w.org\/{rel}","templated":true}]}}