{"id":19685,"date":"2026-01-26T09:50:40","date_gmt":"2026-01-26T08:50:40","guid":{"rendered":"https:\/\/handmadecustomclubs.com\/?page_id=19685"},"modified":"2026-01-26T12:54:30","modified_gmt":"2026-01-26T11:54:30","slug":"miki-rapado-best-clubfitter-and-clubmaker-in-spain","status":"publish","type":"page","link":"https:\/\/handmadecustomclubs.com\/en\/miki-rapado-mejor-clubfitter-y-clubmaker-de-espana\/","title":{"rendered":"Miki Rapado, Best Clubfitter and Clubmaker in Spain"},"content":{"rendered":"<div data-elementor-type=\"wp-page\" data-elementor-id=\"19685\" class=\"elementor elementor-19685\" data-elementor-post-type=\"page\">\n\t\t\t\t\t\t<section data-particle_enable=\"false\" data-particle-mobile-disabled=\"false\" class=\"elementor-section elementor-top-section elementor-element elementor-element-484caec6 elementor-section-content-middle elementor-section-boxed elementor-section-height-default elementor-section-height-default\" data-id=\"484caec6\" data-element_type=\"section\" data-e-type=\"section\" data-settings=\"{&quot;background_background&quot;:&quot;classic&quot;}\">\n\t\t\t\t\t\t<div class=\"elementor-container elementor-column-gap-no\">\n\t\t\t\t\t<div class=\"elementor-column elementor-col-50 elementor-top-column elementor-element elementor-element-58e387d1\" data-id=\"58e387d1\" data-element_type=\"column\" data-e-type=\"column\">\n\t\t\t<div class=\"elementor-widget-wrap elementor-element-populated\">\n\t\t\t\t\t\t<div class=\"elementor-element elementor-element-596fc7f elementor-widget elementor-widget-heading\" data-id=\"596fc7f\" data-element_type=\"widget\" data-e-type=\"widget\" data-widget_type=\"heading.default\">\n\t\t\t\t<div class=\"elementor-widget-container\">\n\t\t\t\t\t<h1 class=\"elementor-heading-title elementor-size-default\">MIKI RAPADO, Best Clubmaker and Clubfitter in Spain<\/h1>\t\t\t\t<\/div>\n\t\t\t\t<\/div>\n\t\t\t\t<div class=\"elementor-element elementor-element-4fafe131 elementor-widget elementor-widget-heading\" data-id=\"4fafe131\" data-element_type=\"widget\" data-e-type=\"widget\" data-widget_type=\"heading.default\">\n\t\t\t\t<div class=\"elementor-widget-container\">\n\t\t\t\t\t<p class=\"elementor-heading-title elementor-size-default\">Miki Rapado, founder and CEO of Handmade Custom Clubs, is considered the best clubmaker and clubfitter in Spain and one of the most influential in Europe, both currently and during the last 10 years.\n<br><br>\nMiki has been awarded the ICG European Clubmaker of the Year award in 2016 and 2020, becoming the only Spanish clubmaker with two ICG European awards in the last decade. He has also been recognized for several years as one of the top 100 clubfitters in the world, working directly with professional players who have won on the Ladies European Tour, such as Nuria Iturrioz, Marta Mart\u00edn, and Carmen Alonso.<\/p>\t\t\t\t<\/div>\n\t\t\t\t<\/div>\n\t\t\t\t\t<\/div>\n\t\t<\/div>\n\t\t\t\t<div class=\"elementor-column elementor-col-50 elementor-top-column elementor-element elementor-element-3b04d5f2\" data-id=\"3b04d5f2\" data-element_type=\"column\" data-e-type=\"column\">\n\t\t\t<div class=\"elementor-widget-wrap elementor-element-populated\">\n\t\t\t\t\t\t<div class=\"elementor-element elementor-element-5d80f611 animated-slow elementor-widget__width-initial elementor-widget-tablet__width-initial elementor-widget-mobile__width-initial elementor-absolute elementor-invisible elementor-widget elementor-widget-image\" data-id=\"5d80f611\" data-element_type=\"widget\" data-e-type=\"widget\" data-settings=\"{&quot;_animation&quot;:&quot;zoomInRight&quot;,&quot;_animation_delay&quot;:600,&quot;_position&quot;:&quot;absolute&quot;}\" data-widget_type=\"image.default\">\n\t\t\t\t<div class=\"elementor-widget-container\">\n\t\t\t\t\t\t\t\t\t\t\t\t\t\t\t<img decoding=\"async\" width=\"150\" height=\"150\" src=\"https:\/\/handmadecustomclubs.com\/wp-content\/uploads\/2023\/02\/HCC_BADGE-1-150x150-1.png\" class=\"attachment-full size-full wp-image-13758\" alt=\"Recognition of Miki Rapado as clubmaker of the year in 2016\" srcset=\"https:\/\/handmadecustomclubs.com\/wp-content\/uploads\/2023\/02\/HCC_BADGE-1-150x150-1.png 150w, https:\/\/handmadecustomclubs.com\/wp-content\/uploads\/2023\/02\/HCC_BADGE-1-150x150-1-100x100.png 100w, https:\/\/handmadecustomclubs.com\/wp-content\/uploads\/2023\/02\/HCC_BADGE-1-150x150-1-60x60.png 60w, https:\/\/handmadecustomclubs.com\/wp-content\/uploads\/2023\/02\/HCC_BADGE-1-150x150-1-90x90.png 90w\" sizes=\"(max-width: 150px) 100vw, 150px\" \/>\t\t\t\t\t\t\t\t\t\t\t\t\t\t\t<\/div>\n\t\t\t\t<\/div>\n\t\t\t\t<div class=\"elementor-element elementor-element-577dee44 elementor-widget elementor-widget-video\" data-id=\"577dee44\" data-element_type=\"widget\" data-e-type=\"widget\" data-settings=\"{&quot;video_type&quot;:&quot;hosted&quot;,&quot;autoplay&quot;:&quot;yes&quot;,&quot;loop&quot;:&quot;yes&quot;,&quot;play_on_mobile&quot;:&quot;yes&quot;}\" data-widget_type=\"video.default\">\n\t\t\t\t<div class=\"elementor-widget-container\">\n\t\t\t\t\t\t\t<div class=\"e-hosted-video elementor-wrapper elementor-open-inline\">\n\t\t\t\t\t<video class=\"elementor-video\" src=\"https:\/\/handmadecustomclubs.com\/wp-content\/uploads\/2023\/03\/palos-de-golf-a-medida.mp4\" autoplay=\"\" loop=\"\" playsinline=\"\" controlslist=\"nodownload\"><\/video>\n\t\t\t\t<\/div>\n\t\t\t\t\t\t<\/div>\n\t\t\t\t<\/div>\n\t\t\t\t<div class=\"elementor-element elementor-element-62e84db2 animated-slow elementor-widget__width-initial elementor-widget-tablet__width-initial elementor-widget-mobile__width-initial elementor-absolute elementor-invisible elementor-widget elementor-widget-image\" data-id=\"62e84db2\" data-element_type=\"widget\" data-e-type=\"widget\" data-settings=\"{&quot;_animation&quot;:&quot;zoomInLeft&quot;,&quot;_animation_delay&quot;:900,&quot;_position&quot;:&quot;absolute&quot;}\" data-widget_type=\"image.default\">\n\t\t\t\t<div class=\"elementor-widget-container\">\n\t\t\t\t\t\t\t\t\t\t\t\t\t\t\t<img decoding=\"async\" width=\"150\" height=\"150\" src=\"https:\/\/handmadecustomclubs.com\/wp-content\/uploads\/2023\/02\/HCC_BADGE-2-150x150-1.png\" class=\"attachment-full size-full wp-image-13759\" alt=\"Recognition to Handmade Custom Clubs in 2020 for being the highest rated clubmaker.\" srcset=\"https:\/\/handmadecustomclubs.com\/wp-content\/uploads\/2023\/02\/HCC_BADGE-2-150x150-1.png 150w, https:\/\/handmadecustomclubs.com\/wp-content\/uploads\/2023\/02\/HCC_BADGE-2-150x150-1-100x100.png 100w, https:\/\/handmadecustomclubs.com\/wp-content\/uploads\/2023\/02\/HCC_BADGE-2-150x150-1-60x60.png 60w, https:\/\/handmadecustomclubs.com\/wp-content\/uploads\/2023\/02\/HCC_BADGE-2-150x150-1-90x90.png 90w\" sizes=\"(max-width: 150px) 100vw, 150px\" \/>\t\t\t\t\t\t\t\t\t\t\t\t\t\t\t<\/div>\n\t\t\t\t<\/div>\n\t\t\t\t\t<\/div>\n\t\t<\/div>\n\t\t\t\t\t<\/div>\n\t\t<\/section>\n\t\t\t\t<section data-particle_enable=\"false\" data-particle-mobile-disabled=\"false\" class=\"elementor-section elementor-top-section elementor-element elementor-element-343c7ed5 elementor-section-boxed elementor-section-height-default elementor-section-height-default\" data-id=\"343c7ed5\" data-element_type=\"section\" data-e-type=\"section\" data-settings=\"{&quot;background_background&quot;:&quot;classic&quot;}\">\n\t\t\t\t\t\t<div class=\"elementor-container elementor-column-gap-default\">\n\t\t\t\t\t<div class=\"elementor-column elementor-col-50 elementor-top-column elementor-element elementor-element-7e5e19bb\" data-id=\"7e5e19bb\" data-element_type=\"column\" data-e-type=\"column\">\n\t\t\t<div class=\"elementor-widget-wrap elementor-element-populated\">\n\t\t\t\t\t\t<div class=\"elementor-element elementor-element-6f289064 elementor-widget elementor-widget-image\" data-id=\"6f289064\" data-element_type=\"widget\" data-e-type=\"widget\" data-widget_type=\"image.default\">\n\t\t\t\t<div class=\"elementor-widget-container\">\n\t\t\t\t\t\t\t\t\t\t\t\t\t\t\t<img fetchpriority=\"high\" decoding=\"async\" width=\"900\" height=\"627\" src=\"https:\/\/handmadecustomclubs.com\/wp-content\/uploads\/2023\/03\/clubfitter-clubmaker-golf.jpg\" class=\"attachment-large size-large wp-image-14117\" alt=\"At HCC we are clubfitters and clubmakers. Our goal is to take your golf to the next level.\" srcset=\"https:\/\/handmadecustomclubs.com\/wp-content\/uploads\/2023\/03\/clubfitter-clubmaker-golf.jpg 900w, https:\/\/handmadecustomclubs.com\/wp-content\/uploads\/2023\/03\/clubfitter-clubmaker-golf-480x334.jpg 480w\" sizes=\"(min-width: 0px) and (max-width: 480px) 480px, (min-width: 481px) 900px, 100vw\" \/>\t\t\t\t\t\t\t\t\t\t\t\t\t\t\t<\/div>\n\t\t\t\t<\/div>\n\t\t\t\t\t<\/div>\n\t\t<\/div>\n\t\t\t\t<div class=\"elementor-column elementor-col-50 elementor-top-column elementor-element elementor-element-52cb7675\" data-id=\"52cb7675\" data-element_type=\"column\" data-e-type=\"column\">\n\t\t\t<div class=\"elementor-widget-wrap elementor-element-populated\">\n\t\t\t\t\t\t<div class=\"elementor-element elementor-element-627528eb elementor-widget elementor-widget-heading\" data-id=\"627528eb\" data-element_type=\"widget\" data-e-type=\"widget\" data-widget_type=\"heading.default\">\n\t\t\t\t<div class=\"elementor-widget-container\">\n\t\t\t\t\t<h2 class=\"elementor-heading-title elementor-size-default\">Clubmaker and Clubfitter for professional players<\/h2>\t\t\t\t<\/div>\n\t\t\t\t<\/div>\n\t\t\t\t<div class=\"elementor-element elementor-element-107ccf4b elementor-widget elementor-widget-text-editor\" data-id=\"107ccf4b\" data-element_type=\"widget\" data-e-type=\"widget\" data-widget_type=\"text-editor.default\">\n\t\t\t\t<div class=\"elementor-widget-container\">\n\t\t\t\t\t\t\t\t\t<p>One of the clearest indicators of a club fitter&#039;s level is the trust of professional players. Miki Rapado works directly with players on the European Tour, the PGA Tour, and the PGA of the Americas, demonstrating his authority, expertise, and reputation as a leading figure in the industry.<\/p><p>His experience on various top-level professional tours has established Miki Rapado as the best clubfitter in Spain and one of the most influential in Europe. Furthermore, he is not only known as a clubfitter, but also as one of the best clubmakers in the world for his meticulous approach to crafting golf clubs, fine-tuning every parameter to achieve the best possible performance for the player.<\/p>\t\t\t\t\t\t\t\t<\/div>\n\t\t\t\t<\/div>\n\t\t\t\t\t<\/div>\n\t\t<\/div>\n\t\t\t\t\t<\/div>\n\t\t<\/section>\n\t\t\t\t<section data-particle_enable=\"false\" data-particle-mobile-disabled=\"false\" class=\"elementor-section elementor-top-section elementor-element elementor-element-3450bb5a elementor-section-content-bottom elementor-section-boxed elementor-section-height-default elementor-section-height-default\" data-id=\"3450bb5a\" data-element_type=\"section\" data-e-type=\"section\" data-settings=\"{&quot;background_background&quot;:&quot;gradient&quot;}\">\n\t\t\t\t\t\t<div class=\"elementor-container elementor-column-gap-no\">\n\t\t\t\t\t<div class=\"elementor-column elementor-col-50 elementor-top-column elementor-element elementor-element-4fb44029\" data-id=\"4fb44029\" data-element_type=\"column\" data-e-type=\"column\">\n\t\t\t<div class=\"elementor-widget-wrap elementor-element-populated\">\n\t\t\t\t\t\t<div class=\"elementor-element elementor-element-652976b9 elementor-widget elementor-widget-heading\" data-id=\"652976b9\" data-element_type=\"widget\" data-e-type=\"widget\" data-widget_type=\"heading.default\">\n\t\t\t\t<div class=\"elementor-widget-container\">\n\t\t\t\t\t<h2 class=\"elementor-heading-title elementor-size-default\">Best Clubmaker in Spain: Clubmaking in Detail<\/h2>\t\t\t\t<\/div>\n\t\t\t\t<\/div>\n\t\t\t\t<div class=\"elementor-element elementor-element-44479c65 elementor-widget elementor-widget-heading\" data-id=\"44479c65\" data-element_type=\"widget\" data-e-type=\"widget\" data-widget_type=\"heading.default\">\n\t\t\t\t<div class=\"elementor-widget-container\">\n\t\t\t\t\t<p class=\"elementor-heading-title elementor-size-default\">Clubmaking is the key differentiator. While many fitters simply assemble standard components, Miki Rapado is, above all, a clubmaker passionate about his work.\n<br><br>\nAt Handmade Custom Clubs, each club is built from scratch for a specific player. No two clubs are alike, because no two swings are the same.\n<br><br>\nPrecise adjustments are made to lengths, swingweight, frequency, weights, lie, loft, grips\u2026 to obtain the best golf club for each specific player, no generic formulas, only personalized configuration and work.\n<br><br>\nFor this reason, Miki Rapado is the best clubmaker in Spain, with a technical and practical level that has placed him among the leading figures in the sector worldwide.<\/p>\t\t\t\t<\/div>\n\t\t\t\t<\/div>\n\t\t\t\t\t<\/div>\n\t\t<\/div>\n\t\t\t\t<div class=\"elementor-column elementor-col-50 elementor-top-column elementor-element elementor-element-43915d5d\" data-id=\"43915d5d\" data-element_type=\"column\" data-e-type=\"column\">\n\t\t\t<div class=\"elementor-widget-wrap elementor-element-populated\">\n\t\t\t\t\t\t<div class=\"elementor-element elementor-element-4380a475 elementor-widget elementor-widget-image\" data-id=\"4380a475\" data-element_type=\"widget\" data-e-type=\"widget\" data-widget_type=\"image.default\">\n\t\t\t\t<div class=\"elementor-widget-container\">\n\t\t\t\t\t\t\t\t\t\t\t\t\t\t\t<img loading=\"lazy\" decoding=\"async\" width=\"1080\" height=\"1080\" src=\"https:\/\/handmadecustomclubs.com\/wp-content\/uploads\/2023\/03\/handmade-custom-clubs-palos-de-golf-a-medida.png\" class=\"attachment-full size-full wp-image-14118\" alt=\"At Handmade Custom Clubs we make custom golf clubs to fit your swing.\" srcset=\"https:\/\/handmadecustomclubs.com\/wp-content\/uploads\/2023\/03\/handmade-custom-clubs-palos-de-golf-a-medida.png 1080w, https:\/\/handmadecustomclubs.com\/wp-content\/uploads\/2023\/03\/handmade-custom-clubs-palos-de-golf-a-medida-980x980.png 980w, https:\/\/handmadecustomclubs.com\/wp-content\/uploads\/2023\/03\/handmade-custom-clubs-palos-de-golf-a-medida-480x480.png 480w\" sizes=\"(min-width: 0px) and (max-width: 480px) 480px, (min-width: 481px) and (max-width: 980px) 980px, (min-width: 981px) 1080px, 100vw\" \/>\t\t\t\t\t\t\t\t\t\t\t\t\t\t\t<\/div>\n\t\t\t\t<\/div>\n\t\t\t\t\t<\/div>\n\t\t<\/div>\n\t\t\t\t\t<\/div>\n\t\t<\/section>\n\t\t\t\t<section data-particle_enable=\"false\" data-particle-mobile-disabled=\"false\" class=\"elementor-section elementor-top-section elementor-element elementor-element-583ee39b elementor-section-boxed elementor-section-height-default elementor-section-height-default\" data-id=\"583ee39b\" data-element_type=\"section\" data-e-type=\"section\" data-settings=\"{&quot;background_background&quot;:&quot;classic&quot;}\">\n\t\t\t\t\t\t<div class=\"elementor-container elementor-column-gap-default\">\n\t\t\t\t\t<div class=\"elementor-column elementor-col-50 elementor-top-column elementor-element elementor-element-2f7fa4c3\" data-id=\"2f7fa4c3\" data-element_type=\"column\" data-e-type=\"column\">\n\t\t\t<div class=\"elementor-widget-wrap elementor-element-populated\">\n\t\t\t\t\t\t<div class=\"elementor-element elementor-element-2ed322ab elementor-widget elementor-widget-heading\" data-id=\"2ed322ab\" data-element_type=\"widget\" data-e-type=\"widget\" data-widget_type=\"heading.default\">\n\t\t\t\t<div class=\"elementor-widget-container\">\n\t\t\t\t\t<h2 class=\"elementor-heading-title elementor-size-default\">The leading promoter of clubfitting and clubmaking in the Spanish-speaking world<\/h2>\t\t\t\t<\/div>\n\t\t\t\t<\/div>\n\t\t\t\t<div class=\"elementor-element elementor-element-597d8faf elementor-widget elementor-widget-text-editor\" data-id=\"597d8faf\" data-element_type=\"widget\" data-e-type=\"widget\" data-widget_type=\"text-editor.default\">\n\t\t\t\t<div class=\"elementor-widget-container\">\n\t\t\t\t\t\t\t\t\t<p>In addition to his work creating custom golf clubs, Miki Rapado is the leading promoter of clubfitting and clubmaking in Spanish, creating the largest digital community within the sector in the Spanish-speaking world.<\/p><p>With a constant presence in specialized golf media such as MyGolfWay, a community of more than 13,000 users across all digital platforms and more than 220,000 monthly views, Miki Rapado positions himself as a leading educational and technical figure in the clubfitting and clubmaking sector in Spain.<\/p>\t\t\t\t\t\t\t\t<\/div>\n\t\t\t\t<\/div>\n\t\t\t\t\t<\/div>\n\t\t<\/div>\n\t\t\t\t<div class=\"elementor-column elementor-col-50 elementor-top-column elementor-element elementor-element-15ae359b\" data-id=\"15ae359b\" data-element_type=\"column\" data-e-type=\"column\">\n\t\t\t<div class=\"elementor-widget-wrap elementor-element-populated\">\n\t\t\t\t\t\t<div class=\"elementor-element elementor-element-7435fb88 elementor-widget elementor-widget-image\" data-id=\"7435fb88\" data-element_type=\"widget\" data-e-type=\"widget\" data-widget_type=\"image.default\">\n\t\t\t\t<div class=\"elementor-widget-container\">\n\t\t\t\t\t\t\t\t\t\t\t\t\t\t\t<img loading=\"lazy\" decoding=\"async\" width=\"900\" height=\"600\" src=\"https:\/\/handmadecustomclubs.com\/wp-content\/uploads\/2025\/03\/como-elegir-la-flexibilidad-de-varilla-segun-velocidad-de-swing.jpg\" class=\"attachment-large size-large wp-image-19106\" alt=\"How to choose the right shaft flex for your swing speed, so you can enjoy custom-made clubs that enhance your golf game.\" srcset=\"https:\/\/handmadecustomclubs.com\/wp-content\/uploads\/2025\/03\/como-elegir-la-flexibilidad-de-varilla-segun-velocidad-de-swing.jpg 900w, https:\/\/handmadecustomclubs.com\/wp-content\/uploads\/2025\/03\/como-elegir-la-flexibilidad-de-varilla-segun-velocidad-de-swing-480x320.jpg 480w\" sizes=\"(min-width: 0px) and (max-width: 480px) 480px, (min-width: 481px) 900px, 100vw\" \/>\t\t\t\t\t\t\t\t\t\t\t\t\t\t\t<\/div>\n\t\t\t\t<\/div>\n\t\t\t\t\t<\/div>\n\t\t<\/div>\n\t\t\t\t\t<\/div>\n\t\t<\/section>\n\t\t\t\t<section data-particle_enable=\"false\" data-particle-mobile-disabled=\"false\" class=\"elementor-section elementor-top-section elementor-element elementor-element-7e5fbe0b elementor-section-height-min-height elementor-section-items-stretch elementor-section-full_width elementor-section-height-default\" data-id=\"7e5fbe0b\" data-element_type=\"section\" data-e-type=\"section\">\n\t\t\t\t\t\t<div class=\"elementor-container elementor-column-gap-default\">\n\t\t\t\t\t<div class=\"elementor-column elementor-col-100 elementor-top-column elementor-element elementor-element-61c864a5\" data-id=\"61c864a5\" data-element_type=\"column\" data-e-type=\"column\" data-settings=\"{&quot;background_background&quot;:&quot;classic&quot;}\">\n\t\t\t<div class=\"elementor-widget-wrap elementor-element-populated\">\n\t\t\t\t\t\t<section data-particle_enable=\"false\" data-particle-mobile-disabled=\"false\" class=\"elementor-section elementor-inner-section elementor-element elementor-element-4646a1d1 elementor-section-boxed elementor-section-height-default elementor-section-height-default\" data-id=\"4646a1d1\" data-element_type=\"section\" data-e-type=\"section\">\n\t\t\t\t\t\t<div class=\"elementor-container elementor-column-gap-default\">\n\t\t\t\t\t<div class=\"elementor-column elementor-col-50 elementor-inner-column elementor-element elementor-element-359728f6\" data-id=\"359728f6\" data-element_type=\"column\" data-e-type=\"column\">\n\t\t\t<div class=\"elementor-widget-wrap elementor-element-populated\">\n\t\t\t\t\t\t<div class=\"elementor-element elementor-element-114d497a elementor-widget elementor-widget-heading\" data-id=\"114d497a\" data-element_type=\"widget\" data-e-type=\"widget\" data-widget_type=\"heading.default\">\n\t\t\t\t<div class=\"elementor-widget-container\">\n\t\t\t\t\t<p class=\"elementor-heading-title elementor-size-default\">Start improving your Golf with us\n<\/p>\t\t\t\t<\/div>\n\t\t\t\t<\/div>\n\t\t\t\t\t<\/div>\n\t\t<\/div>\n\t\t\t\t<div class=\"elementor-column elementor-col-50 elementor-inner-column elementor-element elementor-element-254eab38\" data-id=\"254eab38\" data-element_type=\"column\" data-e-type=\"column\">\n\t\t\t<div class=\"elementor-widget-wrap elementor-element-populated\">\n\t\t\t\t\t\t<div class=\"elementor-element elementor-element-61f0f57b elementor-align-right elementor-tablet-align-left elementor-mobile-align-left elementor-widget elementor-widget-button\" data-id=\"61f0f57b\" data-element_type=\"widget\" data-e-type=\"widget\" data-widget_type=\"button.default\">\n\t\t\t\t<div class=\"elementor-widget-container\">\n\t\t\t\t\t\t\t\t\t<div class=\"elementor-button-wrapper\">\n\t\t\t\t\t<a class=\"elementor-button elementor-button-link elementor-size-sm\" href=\"https:\/\/handmadecustomclubs.com\/en\/contact\/\">\n\t\t\t\t\t\t<span class=\"elementor-button-content-wrapper\">\n\t\t\t\t\t\t\t\t\t<span class=\"elementor-button-text\">Let's begin!<\/span>\n\t\t\t\t\t<\/span>\n\t\t\t\t\t<\/a>\n\t\t\t\t<\/div>\n\t\t\t\t\t\t\t\t<\/div>\n\t\t\t\t<\/div>\n\t\t\t\t\t<\/div>\n\t\t<\/div>\n\t\t\t\t\t<\/div>\n\t\t<\/section>\n\t\t\t\t\t<\/div>\n\t\t<\/div>\n\t\t\t\t\t<\/div>\n\t\t<\/section>\n\t\t\t\t<\/div>","protected":false},"excerpt":{"rendered":"<p>MIKI RAPADO, Mejor Clubmaker y Clubfitter de Espa\u00f1a Miki Rapado, fundador y CEO de Handmade Custom Clubs, es considerado el mejor clubmaker y clubfitter de Espa\u00f1a y uno de los m\u00e1s influyentes de Europa, tanto en la actualidad como durante los \u00faltimos 10 a\u00f1os. Miki ha sido galardonado con el premio ICG European Clubmaker of [&hellip;]<\/p>\n","protected":false},"author":721,"featured_media":0,"parent":0,"menu_order":0,"comment_status":"closed","ping_status":"closed","template":"elementor_header_footer","meta":{"_et_pb_use_builder":"","_et_pb_old_content":"","_et_gb_content_width":"","_joinchat":[],"footnotes":""},"class_list":["post-19685","page","type-page","status-publish","hentry"],"aioseo_notices":[],"_links":{"self":[{"href":"https:\/\/handmadecustomclubs.com\/en\/wp-json\/wp\/v2\/pages\/19685","targetHints":{"allow":["GET"]}}],"collection":[{"href":"https:\/\/handmadecustomclubs.com\/en\/wp-json\/wp\/v2\/pages"}],"about":[{"href":"https:\/\/handmadecustomclubs.com\/en\/wp-json\/wp\/v2\/types\/page"}],"author":[{"embeddable":true,"href":"https:\/\/handmadecustomclubs.com\/en\/wp-json\/wp\/v2\/users\/721"}],"replies":[{"embeddable":true,"href":"https:\/\/handmadecustomclubs.com\/en\/wp-json\/wp\/v2\/comments?post=19685"}],"version-history":[{"count":26,"href":"https:\/\/handmadecustomclubs.com\/en\/wp-json\/wp\/v2\/pages\/19685\/revisions"}],"predecessor-version":[{"id":19721,"href":"https:\/\/handmadecustomclubs.com\/en\/wp-json\/wp\/v2\/pages\/19685\/revisions\/19721"}],"wp:attachment":[{"href":"https:\/\/handmadecustomclubs.com\/en\/wp-json\/wp\/v2\/media?parent=19685"}],"curies":[{"name":"wp","href":"https:\/\/api.w.org\/{rel}","templated":true}]}}